{"id":44,"date":"2023-11-09T19:53:02","date_gmt":"2023-11-09T19:53:02","guid":{"rendered":"https:\/\/yte24hdanang.com\/?post_type=product&#038;p=44"},"modified":"2023-11-12T14:14:43","modified_gmt":"2023-11-12T14:14:43","slug":"thue-may-hut-dam-gia-re","status":"publish","type":"product","link":"https:\/\/yte24hdanang.com\/?product=thue-may-hut-dam-gia-re","title":{"rendered":"Thu\u00ea M\u00e1y H\u00fat \u0110\u00e0m Gi\u00e1 R\u1ebb"},"content":{"rendered":"","protected":false},"excerpt":{"rendered":"","protected":false},"featured_media":45,"template":"","meta":[],"product_cat":[19],"product_tag":[],"class_list":{"0":"post-44","1":"product","2":"type-product","3":"status-publish","4":"has-post-thumbnail","6":"product_cat-thue-may-hut-dom-tai-da-nang","8":"first","9":"instock","10":"shipping-taxable","11":"product-type-simple"},"_links":{"self":[{"href":"https:\/\/yte24hdanang.com\/index.php?rest_route=\/wp\/v2\/product\/44","targetHints":{"allow":["GET"]}}],"collection":[{"href":"https:\/\/yte24hdanang.com\/index.php?rest_route=\/wp\/v2\/product"}],"about":[{"href":"https:\/\/yte24hdanang.com\/index.php?rest_route=\/wp\/v2\/types\/product"}],"wp:featuredmedia":[{"embeddable":true,"href":"https:\/\/yte24hdanang.com\/index.php?rest_route=\/wp\/v2\/media\/45"}],"wp:attachment":[{"href":"https:\/\/yte24hdanang.com\/index.php?rest_route=%2Fwp%2Fv2%2Fmedia&parent=44"}],"wp:term":[{"taxonomy":"product_cat","embeddable":true,"href":"https:\/\/yte24hdanang.com\/index.php?rest_route=%2Fwp%2Fv2%2Fproduct_cat&post=44"},{"taxonomy":"product_tag","embeddable":true,"href":"https:\/\/yte24hdanang.com\/index.php?rest_route=%2Fwp%2Fv2%2Fproduct_tag&post=44"}],"curies":[{"name":"wp","href":"https:\/\/api.w.org\/{rel}","templated":true}]}}