{"id":34,"date":"2023-11-09T19:46:02","date_gmt":"2023-11-09T19:46:02","guid":{"rendered":"https:\/\/yte24hdanang.com\/?post_type=product&#038;p=34"},"modified":"2023-11-12T14:14:38","modified_gmt":"2023-11-12T14:14:38","slug":"cho-thue-may-tao-oxy-tai-da-nang","status":"publish","type":"product","link":"https:\/\/yte24hdanang.com\/?product=cho-thue-may-tao-oxy-tai-da-nang","title":{"rendered":"Cho Thu\u00ea M\u00e1y T\u1ea1o Oxy T\u1ea1i \u0110\u00e0 N\u1eb5ng"},"content":{"rendered":"<p><strong>M\u00e1y t\u1ea1o oxy \u0111i\u1ec1u ch\u1ec9nh \u0111\u01b0\u1ee3c l\u01b0u l\u01b0\u1ee3ng t\u1eeb 1 \u0111\u1ebf 5 l\u00edt\/ph\u00fat\u00a0<\/strong><\/p>\n<p>1 l\u1eafp \u0111\u1eb7t t\u1eadn n\u01a1i<\/p>\n<p>2 H\u01b0\u1edbng d\u1eabn s\u1eed d\u1ee5ng<\/p>\n<p>3 Khi c\u1ea7n \u0111\u1ed5i m\u00e1y<\/p>\n<p>M\u00e1y T\u1ea1o Oxy th\u01b0\u1eddng s\u1eed d\u1ee5ng cho nh\u1eefng b\u1ec7nh nh\u00e2n sau :<\/p>\n<p>1 B\u1ec7nh nh\u00e2n hen suy\u1ec5n<\/p>\n<p>2 B\u1ec7nh nh\u00e2n b\u1ecb \u0111\u01b0\u1eddng h\u00f4 h\u1ea5p<\/p>\n<p>3 b\u1ec7nh nh\u00e2n b\u1ecb suy tim<\/p>\n<p>4 B\u1ec7nh nh\u00e2n n\u1eb1m l\u00e2u ng\u00e0y<\/p>\n","protected":false},"excerpt":{"rendered":"<p><strong>D\u1ecbch v\u1ee5 ch\u00fang t\u00f4i cho thu\u00ea m\u00e1y t\u1ea1o oxy\u00a0<\/strong><\/p>\n<p>M\u00e1y t\u1ea1o oxy c\u00f3 th\u1ec3 \u0111i\u1ec1u ch\u1ec9nh \u0111\u01b0\u1ee3c l\u01b0\u1ee3ng kh\u00ed oxy t\u1eeb 1 d\u1ebfn 5 l\u00edt\/ph\u00fat<\/p>\n<p>1 Giao t\u1eadn nh\u00e0<\/p>\n<p>2 H\u01b0\u1edbng d\u1eabn s\u1eed d\u1ee5ng<\/p>\n<p>3 H\u01b0\u1edbng d\u1eabn \u0111\u1ec3 nh\u1eadn bi\u1ebft k\u00edn c\u1ee7a m\u00e1y<\/p>\n<p>4 C\u00f3 m\u00e1y d\u1ef1 ph\u00f2ng khi c\u1ea7n<\/p>\n","protected":false},"featured_media":35,"template":"","meta":[],"product_cat":[17],"product_tag":[],"class_list":{"0":"post-34","1":"product","2":"type-product","3":"status-publish","4":"has-post-thumbnail","6":"product_cat-thue-may-tao-oxy-tai-da-nang","8":"first","9":"instock","10":"shipping-taxable","11":"product-type-simple"},"_links":{"self":[{"href":"https:\/\/yte24hdanang.com\/index.php?rest_route=\/wp\/v2\/product\/34","targetHints":{"allow":["GET"]}}],"collection":[{"href":"https:\/\/yte24hdanang.com\/index.php?rest_route=\/wp\/v2\/product"}],"about":[{"href":"https:\/\/yte24hdanang.com\/index.php?rest_route=\/wp\/v2\/types\/product"}],"wp:featuredmedia":[{"embeddable":true,"href":"https:\/\/yte24hdanang.com\/index.php?rest_route=\/wp\/v2\/media\/35"}],"wp:attachment":[{"href":"https:\/\/yte24hdanang.com\/index.php?rest_route=%2Fwp%2Fv2%2Fmedia&parent=34"}],"wp:term":[{"taxonomy":"product_cat","embeddable":true,"href":"https:\/\/yte24hdanang.com\/index.php?rest_route=%2Fwp%2Fv2%2Fproduct_cat&post=34"},{"taxonomy":"product_tag","embeddable":true,"href":"https:\/\/yte24hdanang.com\/index.php?rest_route=%2Fwp%2Fv2%2Fproduct_tag&post=34"}],"curies":[{"name":"wp","href":"https:\/\/api.w.org\/{rel}","templated":true}]}}