{"id":32,"date":"2023-11-09T19:42:22","date_gmt":"2023-11-09T19:42:22","guid":{"rendered":"https:\/\/yte24hdanang.com\/?post_type=product&#038;p=32"},"modified":"2023-11-12T14:14:41","modified_gmt":"2023-11-12T14:14:41","slug":"thue-binh-khi-tho-tai-da-nang","status":"publish","type":"product","link":"https:\/\/yte24hdanang.com\/?product=thue-binh-khi-tho-tai-da-nang","title":{"rendered":"Thu\u00ea B\u00ecnh Kh\u00ed Th\u1edf T\u1ea1i \u0110\u00e0 N\u1eb5ng"},"content":{"rendered":"<p>Khi th\u00ea b\u00ecnh oxy c\u1ee7a d\u1ecbch v\u1ee5 ch\u00fang t\u00f4i :<\/p>\n<p>1 Ph\u1ee5c v\u1ee5 24\/24h<\/p>\n<p>2 Giao, l\u1eafp \u0111\u1eb7t t\u1eadn n\u01a1i, h\u01b0\u1edbng d\u1eabn s\u1eed d\u1ee5ng<\/p>\n<p>3 N\u1ebfu d\u00f9ng nhi\u1ec1u kem theo m\u00e1y h\u00fat \u0111\u00e0m mi\u1ec3n ph\u00ed<\/p>\n<p>B\u00ecnh oxy y t\u1ebf \u0111\u1ea1t 99% \u0111\u1ed9 tinh khi\u1ebft<\/p>\n<p>th\u1eddi gian th\u1edf c\u1ee7a m\u1ed9t b\u00ecnh oxy lo\u1ea1i l\u1edbn<\/p>\n<p>1 N\u1ebfu th\u1edf li\u00ean t\u1ee5c 3 l\u00edt\/ph\u00fat : Th\u1eddi gian t\u01b0\u01a1ng \u1ee9ng 30 (ti\u1ebfng)<\/p>\n<p>2 N\u1ebfu th\u1edf l;i\u00ean t\u1ee5c 5 l\u00edt\/ph\u00fat : Th\u1eddi gian d\u00f9ng b\u00ecnh t\u01b0\u01a1ng \u1ee9ng 20 (ti\u1ebfng)<\/p>\n<p>3 N\u1ebfu th\u1edf li\u00ean t\u1ee5c 10 l\u00edt\/ph\u00fat : Th\u1eddi gian d\u00f9ng b\u00ecnh t\u01b0\u01a1ng \u1ee9ng 10 (ti\u1ebfng)<\/p>\n","protected":false},"excerpt":{"rendered":"<p>Cho thu\u00ea b\u00ecnh oxy y t\u1ebf 24\/24h, k\u1ec3 c\u1ea3 ng\u00e0y l\u1ec5, t\u1ebft<\/p>\n<p>L\u1eafp \u0111\u1eb7t t\u1ea1i nh\u00e0, h\u01b0\u1edbng d\u1eabn s\u1eed d\u1ee5ng<\/p>\n<p>Nh\u1eefng thi\u1ebft b\u1ecb \u0111i k\u00e8m<\/p>\n<p>1 \u0110\u1ed3ng h\u1ed3 oxy (mi\u1ec5n ph\u00ed)<\/p>\n<p>2 D\u00e2y th\u1edf (mi\u1ec5n ph\u00ed)<\/p>\n","protected":false},"featured_media":33,"template":"","meta":[],"product_cat":[16],"product_tag":[],"class_list":{"0":"post-32","1":"product","2":"type-product","3":"status-publish","4":"has-post-thumbnail","6":"product_cat-thue-binh-oxy-y-te-tai-da-nang","8":"first","9":"instock","10":"shipping-taxable","11":"product-type-simple"},"_links":{"self":[{"href":"https:\/\/yte24hdanang.com\/index.php?rest_route=\/wp\/v2\/product\/32","targetHints":{"allow":["GET"]}}],"collection":[{"href":"https:\/\/yte24hdanang.com\/index.php?rest_route=\/wp\/v2\/product"}],"about":[{"href":"https:\/\/yte24hdanang.com\/index.php?rest_route=\/wp\/v2\/types\/product"}],"wp:featuredmedia":[{"embeddable":true,"href":"https:\/\/yte24hdanang.com\/index.php?rest_route=\/wp\/v2\/media\/33"}],"wp:attachment":[{"href":"https:\/\/yte24hdanang.com\/index.php?rest_route=%2Fwp%2Fv2%2Fmedia&parent=32"}],"wp:term":[{"taxonomy":"product_cat","embeddable":true,"href":"https:\/\/yte24hdanang.com\/index.php?rest_route=%2Fwp%2Fv2%2Fproduct_cat&post=32"},{"taxonomy":"product_tag","embeddable":true,"href":"https:\/\/yte24hdanang.com\/index.php?rest_route=%2Fwp%2Fv2%2Fproduct_tag&post=32"}],"curies":[{"name":"wp","href":"https:\/\/api.w.org\/{rel}","templated":true}]}}