{"id":30,"date":"2023-11-09T19:31:16","date_gmt":"2023-11-09T19:31:16","guid":{"rendered":"https:\/\/yte24hdanang.com\/?post_type=product&#038;p=30"},"modified":"2023-11-12T08:07:44","modified_gmt":"2023-11-12T08:07:44","slug":"thue-binh-oxy-y-te-tai-da-nang","status":"publish","type":"product","link":"https:\/\/yte24hdanang.com\/?product=thue-binh-oxy-y-te-tai-da-nang","title":{"rendered":"Thu\u00ea B\u00ecnh Oxy Y T\u1ebf T\u1ea1i \u0110\u00e0 n\u1eb5ng"},"content":{"rendered":"<p>D\u1ecbch v\u1ee5 ch\u00fang t\u00f4i cung c\u1ea5p b\u00ecnh oxy y t\u1ebf m\u1ecdi l\u00fac, m\u1ecdi n\u01a1i tr\u00ean \u0111\u1ecba b\u00e0ng Th\u00e0nh Ph\u1ed1 \u0110\u00e0 N\u1eb5ng<\/p>\n<p>B\u00ecnh oxy y t\u1ebf \u0111\u1ea1t \u0111\u1ed9 tinh khi\u1ebft l\u00ean \u0111\u1ebfn 99%<\/p>\n<p>Nh\u00e2n vi\u00ean \u0111\u1ebfn l\u1eafp \u0111\u1eb7t t\u1ea1i nh\u00e0, h\u01b0\u1edbng d\u1eabn s\u1eed d\u1ee5ng<\/p>\n<p>Th\u1eddi gian th\u1edf b\u00ecnh oxy y t\u1ebf 40 l\u00edt (lo\u1ea1i l\u1edbn)<\/p>\n<p>1 \u0110i\u1ec1u ch\u1ec9nh l\u01b0u l\u01b0\u1ee3ng th\u1edf<\/p>\n<p>N\u1ebfu \u0111i\u1ec1u ch\u1ec9nh 3 l\u00edt\/ph\u00fat : Th\u1eddi gian t\u01b0\u01a1ng \u1ee9ng 30 (ti\u1ebfng)<\/p>\n<p>N\u1ebfu \u0111i\u1ec1u ch\u1ec9nh 5 l\u00edt\/ph\u00fat : Th\u1eddi gian th\u1edf t\u01b0\u01a1ng \u1ee9ng 20 (ti\u1ebfng)<\/p>\n<p>N\u1ebfu \u0111i\u1ec1u ch\u1ec9nh 10 l\u00edt\/ph\u00fat : Th\u1eddi gian th\u1edf t\u01b0\u01a1ng \u1ee9ng 10 (ti\u1ebfng)<\/p>\n<p>2 C\u00e1c thi\u1ebft b\u1ecb \u0111i k\u00e8m theo b\u00ecnh oxy y t\u1ebf<\/p>\n<p>\u0110\u1ed3ng h\u1ed3 oxy (mi\u1ec5n ph\u00ed)<\/p>\n<p>D\u00e2y th\u1edf (Mi\u1ec5n ph\u00ed)<\/p>\n<p>&nbsp;<\/p>\n","protected":false},"excerpt":{"rendered":"<p style=\"text-align: left;\">Cung c\u1ea5p b\u00ecnh oxy<strong> 24\/24h<\/strong>. Giao, l\u1eafp \u0111\u1eb7t t\u1ea1i nh\u00e0, h\u01b0\u1edbng d\u1eabn s\u1eed d\u1ee5ng<\/p>\n<p style=\"text-align: left;\">D\u1ecbch v\u1ee5 ch\u00fang t\u00f4i cung c\u1ea5p b\u00ecnh oxy y t\u1ebf t\u1ea1i \u0110\u00e0 N\u1eb5ng v\u00e0 c\u00e1c v\u00f9ng l\u00e2n c\u1eadn \u0110\u00e0 N\u1eb5ng<\/p>\n<p style=\"text-align: left;\">C\u00e1c ph\u1ee5 ki\u1ec7n k\u00e8m theo kh\u00ed l\u1eafp b\u00ecnh oxy :<\/p>\n<ol>\n<li style=\"text-align: left;\">\u0110\u1ed3ng h\u1ed3 oxy (Mi\u1ec5n ph\u00ed)<\/li>\n<li style=\"text-align: left;\">D\u00e2y th\u1edf (mi\u1ec3n ph\u00ed)<\/li>\n<\/ol>\n<p>&nbsp;<\/p>\n","protected":false},"featured_media":31,"template":"","meta":[],"product_cat":[16],"product_tag":[],"class_list":{"0":"post-30","1":"product","2":"type-product","3":"status-publish","4":"has-post-thumbnail","6":"product_cat-thue-binh-oxy-y-te-tai-da-nang","8":"first","9":"instock","10":"shipping-taxable","11":"product-type-simple"},"_links":{"self":[{"href":"https:\/\/yte24hdanang.com\/index.php?rest_route=\/wp\/v2\/product\/30","targetHints":{"allow":["GET"]}}],"collection":[{"href":"https:\/\/yte24hdanang.com\/index.php?rest_route=\/wp\/v2\/product"}],"about":[{"href":"https:\/\/yte24hdanang.com\/index.php?rest_route=\/wp\/v2\/types\/product"}],"wp:featuredmedia":[{"embeddable":true,"href":"https:\/\/yte24hdanang.com\/index.php?rest_route=\/wp\/v2\/media\/31"}],"wp:attachment":[{"href":"https:\/\/yte24hdanang.com\/index.php?rest_route=%2Fwp%2Fv2%2Fmedia&parent=30"}],"wp:term":[{"taxonomy":"product_cat","embeddable":true,"href":"https:\/\/yte24hdanang.com\/index.php?rest_route=%2Fwp%2Fv2%2Fproduct_cat&post=30"},{"taxonomy":"product_tag","embeddable":true,"href":"https:\/\/yte24hdanang.com\/index.php?rest_route=%2Fwp%2Fv2%2Fproduct_tag&post=30"}],"curies":[{"name":"wp","href":"https:\/\/api.w.org\/{rel}","templated":true}]}}